{"id":87,"date":"2025-09-16T10:47:08","date_gmt":"2025-09-16T10:47:08","guid":{"rendered":"http:\/\/cocoonpark24.fr\/?page_id=87"},"modified":"2025-09-19T09:42:28","modified_gmt":"2025-09-19T09:42:28","slug":"notre-espace","status":"publish","type":"page","link":"https:\/\/cocoonpark24.fr\/?page_id=87","title":{"rendered":"Notre Espace"},"content":{"rendered":"\n<figure class=\"wp-block-image size-large\"><img loading=\"lazy\" decoding=\"async\" width=\"1024\" height=\"650\" src=\"http:\/\/cocoonpark24.fr\/wp-content\/uploads\/2025\/09\/Hangar-Int-1-1024x650.jpg\" alt=\"\" class=\"wp-image-135\" srcset=\"https:\/\/cocoonpark24.fr\/wp-content\/uploads\/2025\/09\/Hangar-Int-1-1024x650.jpg 1024w, https:\/\/cocoonpark24.fr\/wp-content\/uploads\/2025\/09\/Hangar-Int-1-300x190.jpg 300w, https:\/\/cocoonpark24.fr\/wp-content\/uploads\/2025\/09\/Hangar-Int-1-768x487.jpg 768w, https:\/\/cocoonpark24.fr\/wp-content\/uploads\/2025\/09\/Hangar-Int-1-1536x975.jpg 1536w, https:\/\/cocoonpark24.fr\/wp-content\/uploads\/2025\/09\/Hangar-Int-1.jpg 2028w\" sizes=\"auto, (max-width: 1024px) 100vw, 1024px\" \/><figcaption class=\"wp-element-caption\"><strong>BATIMENT INDUSTRIEL RECENT BETON LISSE DE 2400m<sup>2<\/sup><\/strong><\/figcaption><\/figure>\n\n\n\n<div style=\"height:100px\" aria-hidden=\"true\" class=\"wp-block-spacer\"><\/div>\n\n\n\n<p><\/p>\n\n\n\n<p class=\"has-text-align-center\"><strong>D\u00e9tail des diff\u00e9rentes prestations et services<\/strong><\/p>\n\n\n\n\n<table id=\"tablepress-3\" class=\"tablepress tablepress-id-3\">\n<tbody class=\"row-striping row-hover\">\n<tr class=\"row-1\">\n\t<td class=\"column-1\">Caract\u00e9ristiques<strong><\/td><td class=\"column-2\"><\/td>\n<\/tr>\n<tr class=\"row-2\">\n\t<td class=\"column-1\"><img loading=\"lazy\" decoding=\"async\" src=\"http:\/\/cocoonpark24.fr\/wp-content\/uploads\/2025\/09\/warehouse-solid-3.gif\" alt=\"\" width=\"32\" height=\"26\" class=\"alignnone size-full wp-image-119\" \/><\/td><td class=\"column-2\">Hangar ferm\u00e9<\/td>\n<\/tr>\n<tr class=\"row-3\">\n\t<td class=\"column-1\"><img loading=\"lazy\" decoding=\"async\" src=\"http:\/\/cocoonpark24.fr\/wp-content\/uploads\/2025\/09\/door-closed-regular.gif\" alt=\"\" width=\"29\" height=\"26\" class=\"alignnone size-full wp-image-99\" \/><\/td><td class=\"column-2\">Entr\u00e9e de 5m (l) x 5,5m (h)<\/td>\n<\/tr>\n<tr class=\"row-4\">\n\t<td class=\"column-1\"><img loading=\"lazy\" decoding=\"async\" src=\"http:\/\/cocoonpark24.fr\/wp-content\/uploads\/2025\/09\/square-solid-1-1.gif\" alt=\"\" width=\"22\" height=\"26\" class=\"alignnone size-full wp-image-118\" \/><\/td><td class=\"column-2\">Sol en B\u00e9ton<\/td>\n<\/tr>\n<tr class=\"row-5\">\n\t<td class=\"column-1\"><\/td><td class=\"column-2\"><\/td>\n<\/tr>\n<tr class=\"row-6\">\n\t<td class=\"column-1\">S\u00e9curit\u00e9<\/strong><\/td><td class=\"column-2\"><\/td>\n<\/tr>\n<tr class=\"row-7\">\n\t<td class=\"column-1\"><img loading=\"lazy\" decoding=\"async\" src=\"http:\/\/cocoonpark24.fr\/wp-content\/uploads\/2025\/09\/fence-regular-4.gif\" alt=\"\" width=\"26\" height=\"26\" class=\"alignnone size-full wp-image-111\" \/><\/td><td class=\"column-2\">Cl\u00f4ture \/ Portail<\/td>\n<\/tr>\n<tr class=\"row-8\">\n\t<td class=\"column-1\"><img loading=\"lazy\" decoding=\"async\" src=\"http:\/\/cocoonpark24.fr\/wp-content\/uploads\/2025\/09\/lock-keyhole-solid-4.gif\" alt=\"\" width=\"22\" height=\"26\" class=\"alignnone size-full wp-image-114\" \/><\/td><td class=\"column-2\">Entr\u00e9e s\u00e9curis\u00e9e<\/td>\n<\/tr>\n<tr class=\"row-9\">\n\t<td class=\"column-1\"><img loading=\"lazy\" decoding=\"async\" src=\"http:\/\/cocoonpark24.fr\/wp-content\/uploads\/2025\/09\/camera-cctv-solid.gif\" alt=\"\" width=\"29\" height=\"26\" class=\"alignnone size-full wp-image-107\" \/><\/td><td class=\"column-2\">Cam\u00e9ra<\/td>\n<\/tr>\n<tr class=\"row-10\">\n\t<td class=\"column-1\"><img loading=\"lazy\" decoding=\"async\" src=\"http:\/\/cocoonpark24.fr\/wp-content\/uploads\/2025\/09\/bell-ring-solid-5.gif\" alt=\"\" width=\"26\" height=\"26\" class=\"alignnone size-full wp-image-106\" \/><\/td><td class=\"column-2\">Alarme<\/td>\n<\/tr>\n<tr class=\"row-11\">\n\t<td class=\"column-1\"><\/td><td class=\"column-2\"><\/td>\n<\/tr>\n<tr class=\"row-12\">\n\t<td class=\"column-1\">Commodit\u00e9s<\/strong><\/td><td class=\"column-2\"><\/td>\n<\/tr>\n<tr class=\"row-13\">\n\t<td class=\"column-1\"><img loading=\"lazy\" decoding=\"async\" src=\"http:\/\/cocoonpark24.fr\/wp-content\/uploads\/2025\/09\/lightbulb-on-solid-1.gif\" alt=\"\" width=\"32\" height=\"26\" class=\"alignnone size-full wp-image-113\" \/><\/td><td class=\"column-2\">Eclairage<\/td>\n<\/tr>\n<tr class=\"row-14\">\n\t<td class=\"column-1\"><img loading=\"lazy\" decoding=\"async\" src=\"http:\/\/cocoonpark24.fr\/wp-content\/uploads\/2025\/09\/plug-solid-1.gif\" alt=\"\" width=\"19\" height=\"26\" class=\"alignnone size-full wp-image-116\" \/><\/td><td class=\"column-2\">Prise \u00e9lectrique<\/td>\n<\/tr>\n<tr class=\"row-15\">\n\t<td class=\"column-1\"><img loading=\"lazy\" decoding=\"async\" src=\"http:\/\/cocoonpark24.fr\/wp-content\/uploads\/2025\/09\/droplet-solid.gif\" alt=\"\" width=\"19\" height=\"26\" class=\"alignnone size-full wp-image-110\" \/><\/td><td class=\"column-2\">Point d'eau<\/td>\n<\/tr>\n<tr class=\"row-16\">\n\t<td class=\"column-1\"><img loading=\"lazy\" decoding=\"async\" src=\"http:\/\/cocoonpark24.fr\/wp-content\/uploads\/2025\/09\/restroom-simple-solid.gif\" alt=\"\" width=\"32\" height=\"26\" class=\"alignnone size-full wp-image-117\" \/><\/td><td class=\"column-2\">WC<\/td>\n<\/tr>\n<tr class=\"row-17\">\n\t<td class=\"column-1\"><img loading=\"lazy\" decoding=\"async\" src=\"http:\/\/cocoonpark24.fr\/wp-content\/uploads\/2025\/09\/gas-pump-solid.gif\" alt=\"\" width=\"26\" height=\"26\" class=\"alignnone size-full wp-image-112\" \/><\/td><td class=\"column-2\">Compresseur<\/td>\n<\/tr>\n<\/tbody>\n<\/table>\n<!-- #tablepress-3 from cache -->\n\n\n\n<p><\/p>\n\n\n\n<p><\/p>\n","protected":false},"excerpt":{"rendered":"<p>D\u00e9tail des diff\u00e9rentes prestations et services<\/p>\n","protected":false},"author":1,"featured_media":0,"parent":0,"menu_order":0,"comment_status":"closed","ping_status":"closed","template":"","meta":{"footnotes":""},"class_list":["post-87","page","type-page","status-publish","hentry"],"_links":{"self":[{"href":"https:\/\/cocoonpark24.fr\/index.php?rest_route=\/wp\/v2\/pages\/87","targetHints":{"allow":["GET"]}}],"collection":[{"href":"https:\/\/cocoonpark24.fr\/index.php?rest_route=\/wp\/v2\/pages"}],"about":[{"href":"https:\/\/cocoonpark24.fr\/index.php?rest_route=\/wp\/v2\/types\/page"}],"author":[{"embeddable":true,"href":"https:\/\/cocoonpark24.fr\/index.php?rest_route=\/wp\/v2\/users\/1"}],"replies":[{"embeddable":true,"href":"https:\/\/cocoonpark24.fr\/index.php?rest_route=%2Fwp%2Fv2%2Fcomments&post=87"}],"version-history":[{"count":11,"href":"https:\/\/cocoonpark24.fr\/index.php?rest_route=\/wp\/v2\/pages\/87\/revisions"}],"predecessor-version":[{"id":212,"href":"https:\/\/cocoonpark24.fr\/index.php?rest_route=\/wp\/v2\/pages\/87\/revisions\/212"}],"wp:attachment":[{"href":"https:\/\/cocoonpark24.fr\/index.php?rest_route=%2Fwp%2Fv2%2Fmedia&parent=87"}],"curies":[{"name":"wp","href":"https:\/\/api.w.org\/{rel}","templated":true}]}}