{"id":139,"date":"2025-09-16T11:09:01","date_gmt":"2025-09-16T11:09:01","guid":{"rendered":"http:\/\/cocoonpark24.fr\/?page_id=139"},"modified":"2025-09-18T11:18:57","modified_gmt":"2025-09-18T11:18:57","slug":"ou-sommes-nous","status":"publish","type":"page","link":"https:\/\/cocoonpark24.fr\/?page_id=139","title":{"rendered":"O\u00f9 sommes-nous ?"},"content":{"rendered":"\n<p>Nous sommes situ\u00e9 en Dordogne, \u00e0 mi-chemin entre Bordeaux et Brive-la Gaillarde, au nord de St Astier&#8230;<\/p>\n\n\n\n<p><\/p>\n\n\n\n<p><\/p>\n\n\n\n<div class=\"wp-block-group alignfull has-accent-4-background-color has-background is-vertical is-content-justification-center is-nowrap is-layout-flex wp-container-core-group-is-layout-54aea5ab wp-block-group-is-layout-flex\" style=\"min-height:100vh;margin-top:0;margin-bottom:0;padding-top:var(--wp--preset--spacing--50);padding-right:var(--wp--preset--spacing--50);padding-bottom:var(--wp--preset--spacing--50);padding-left:var(--wp--preset--spacing--50)\">\n<p><strong>ZA Le Jarissou<\/strong><\/p>\n\n\n\n<p><strong>5 Rue de la Belette<\/strong><\/p>\n\n\n\n<p><strong>24350 Tocane-Saint-Apre<\/strong><\/p>\n\n\n\n<p><\/p>\n\n\n\n<p> \u00e0 environ 23 km de P\u00e9rigueux&#8230;<\/p>\n\n\n\n<figure class=\"wp-block-image size-full is-resized\"><a href=\"https:\/\/maps.app.goo.gl\/MYDjsTGhQKYtRSrd9\" target=\"_blank\" rel=\" noreferrer noopener\"><img loading=\"lazy\" decoding=\"async\" width=\"648\" height=\"295\" src=\"http:\/\/cocoonpark24.fr\/wp-content\/uploads\/2025\/09\/position-1.png\" alt=\"\" class=\"wp-image-141\" style=\"width:648px;height:auto\" srcset=\"https:\/\/cocoonpark24.fr\/wp-content\/uploads\/2025\/09\/position-1.png 648w, https:\/\/cocoonpark24.fr\/wp-content\/uploads\/2025\/09\/position-1-300x137.png 300w\" sizes=\"auto, (max-width: 648px) 100vw, 648px\" \/><\/a><figcaption class=\"wp-element-caption\">* Cliquez sur l&rsquo;image pour visualiser l&#8217;emplacement exact<\/figcaption><\/figure>\n\n\n\n<p>et \u00e0 20 mn de la sortie 14 de l&rsquo;A89&#8230;<\/p>\n\n\n\n<figure class=\"wp-block-image size-large\"><a href=\"https:\/\/maps.app.goo.gl\/MYDjsTGhQKYtRSrd9\" target=\"_blank\" rel=\" noreferrer noopener\"><img loading=\"lazy\" decoding=\"async\" width=\"1024\" height=\"640\" src=\"http:\/\/cocoonpark24.fr\/wp-content\/uploads\/2025\/09\/CarteGPS-1024x640.png\" alt=\"\" class=\"wp-image-190\" srcset=\"https:\/\/cocoonpark24.fr\/wp-content\/uploads\/2025\/09\/CarteGPS-1024x640.png 1024w, https:\/\/cocoonpark24.fr\/wp-content\/uploads\/2025\/09\/CarteGPS-300x188.png 300w, https:\/\/cocoonpark24.fr\/wp-content\/uploads\/2025\/09\/CarteGPS-768x480.png 768w, https:\/\/cocoonpark24.fr\/wp-content\/uploads\/2025\/09\/CarteGPS.png 1067w\" sizes=\"auto, (max-width: 1024px) 100vw, 1024px\" \/><\/a><\/figure>\n\n\n\n<h2 class=\"wp-block-heading\">Votre contact :<\/h2>\n\n\n\n<p><strong>Benoit Vaunat<\/strong><\/p>\n\n\n\n<p>T\u00e9l : +33(0)6.21.72.60.42<\/p>\n\n\n\n<p><a href=\"mailto:contact@cocoonpark24.fr\">contact@cocoonpark24.fr<\/a><\/p>\n<\/div>\n\n\n\n<p><\/p>\n","protected":false},"excerpt":{"rendered":"<p>Nous sommes situ\u00e9 en Dordogne, \u00e0 mi-chemin entre Bordeaux et Brive-la Gaillarde, au nord de St Astier&#8230; ZA Le Jarissou 5 Rue de la Belette 24350 Tocane-Saint-Apre \u00e0 environ 23 km de P\u00e9rigueux&#8230; et \u00e0 20 mn de la sortie 14 de l&rsquo;A89&#8230; Votre contact : Benoit Vaunat T\u00e9l : +33(0)6.21.72.60.42 contact@cocoonpark24.fr<\/p>\n","protected":false},"author":1,"featured_media":0,"parent":0,"menu_order":3,"comment_status":"closed","ping_status":"closed","template":"","meta":{"footnotes":""},"class_list":["post-139","page","type-page","status-publish","hentry"],"_links":{"self":[{"href":"https:\/\/cocoonpark24.fr\/index.php?rest_route=\/wp\/v2\/pages\/139","targetHints":{"allow":["GET"]}}],"collection":[{"href":"https:\/\/cocoonpark24.fr\/index.php?rest_route=\/wp\/v2\/pages"}],"about":[{"href":"https:\/\/cocoonpark24.fr\/index.php?rest_route=\/wp\/v2\/types\/page"}],"author":[{"embeddable":true,"href":"https:\/\/cocoonpark24.fr\/index.php?rest_route=\/wp\/v2\/users\/1"}],"replies":[{"embeddable":true,"href":"https:\/\/cocoonpark24.fr\/index.php?rest_route=%2Fwp%2Fv2%2Fcomments&post=139"}],"version-history":[{"count":15,"href":"https:\/\/cocoonpark24.fr\/index.php?rest_route=\/wp\/v2\/pages\/139\/revisions"}],"predecessor-version":[{"id":198,"href":"https:\/\/cocoonpark24.fr\/index.php?rest_route=\/wp\/v2\/pages\/139\/revisions\/198"}],"wp:attachment":[{"href":"https:\/\/cocoonpark24.fr\/index.php?rest_route=%2Fwp%2Fv2%2Fmedia&parent=139"}],"curies":[{"name":"wp","href":"https:\/\/api.w.org\/{rel}","templated":true}]}}